{"id":3,"date":"2020-06-15T09:31:05","date_gmt":"2020-06-15T09:31:05","guid":{"rendered":"https:\/\/mzagorski.h2g.pl\/be\/corporation2\/?page_id=3"},"modified":"2021-09-24T07:58:52","modified_gmt":"2021-09-24T07:58:52","slug":"privacy-policy","status":"publish","type":"page","link":"https:\/\/noma.com.pl\/en\/privacy-policy\/","title":{"rendered":"Privacy Policy"},"content":{"rendered":"<h2 class=\"wp-block-heading\">Informacja o przetwarzaniu danych osobowych dla kontrahent\u00f3w firmy Noma Resins Sp.zo.o.<\/h2>\n\n\n\n<ol class=\"wp-block-list\"><li>Administratorem danych osobowych jest <strong>Noma Resins Sp. z o.o. <\/strong>z siedzib\u0105 w Gliwicach, ul.<br>Bojkowska 35A, wpisana do rejestru przedsi\u0119biorc\u00f3w Krajowego Rejestru S\u0105dowego przez S\u0105d<br>Rejonowy w Gliwicach pod numerem KRS 0000907294.<\/li><li>Dane osobowe s\u0105 przetwarzane w celu realizacji umowy lub do podj\u0119cia dzia\u0142a\u0144 prowadz\u0105cych do<br>zawarcia umowy, na podstawie art. 6 ust. 1 lit. b RODO lub w celu spe\u0142nienia obowi\u0105zku prawnego<br>ci\u0105\u017c\u0105cego na Administratorze, na podstawie art. 6 ust. 1 lit. c RODO.<\/li><li>Dane osobowe zosta\u0142y pozyskane w wyniku nawi\u0105zania przez Pa\u0144stwa kontaktu lub z og\u00f3lnie<br>dost\u0119pnych \u017ar\u00f3de\u0142, za\u015b ich podanie mia\u0142o charakter ca\u0142kowicie dobrowolny.<\/li><li><strong>Noma Resins Sp. z o.o.<\/strong> nie przekazuje danych innym odbiorcom.<\/li><li>Dane osobowe b\u0119d\u0105 przetwarzane do momentu zako\u0144czenia kontaktu, zako\u0144czenia czynno\u015bci<br>zwi\u0105zanych z umow\u0105 lub zako\u0144czenia czynno\u015bci zwi\u0105zanych z spe\u0142nieniem obowi\u0105zku prawnego.<\/li><li>Posiada Pani\/Pan prawo dost\u0119pu do danych osobowych, ich sprostowania, usuni\u0119cia lub ograniczenia<br>przetwarzania, prawo do pisemnego wniesienia sprzeciwu wobec przetwarzania oraz do przenoszenia<br>danych.<\/li><li>Dost\u0119p do danych osobowych mo\u017cliwy jest w siedzibie <strong>Noma Resins Sp. z o.o.<\/strong><\/li><li>Posiada Pani\/Pan prawo do wniesienia skargi do organu nadzorczego, kt\u00f3rym jest Prezes Urz\u0119du<br>Ochrony Danych Osobowych, ul. Stawki 2, 00-193 Warszawa.<\/li><li>Dane osobowe nie podlegaj\u0105 zautomatyzowanemu podejmowaniu decyzji, w tym profilowaniu.<\/li><li><strong>Noma Resins Sp. z o.o.<\/strong> nie przekazuje danych osobowych poza Europejski Obszar Gospodarczy.<\/li><\/ol>","protected":false},"excerpt":{"rendered":"<p>Informacja o przetwarzaniu danych osobowych dla kontrahent\u00f3w firmy Noma Resins Sp.zo.o. Administratorem danych osobowych jest Noma Resins Sp. z o.o. z siedzib\u0105 w Gliwicach, ul.Bojkowska 35A, wpisana do rejestru przedsi\u0119biorc\u00f3w Krajowego Rejestru S\u0105dowego przez S\u0105dRejonowy w Gliwicach pod numerem KRS 0000907294. Dane osobowe s\u0105 przetwarzane w celu realizacji umowy lub do podj\u0119cia dzia\u0142a\u0144 prowadz\u0105cych dozawarcia [&hellip;]<\/p>\n","protected":false},"author":123456,"featured_media":0,"parent":0,"menu_order":0,"comment_status":"closed","ping_status":"open","template":"","meta":{"footnotes":""},"class_list":["post-3","page","type-page","status-publish","hentry"],"_links":{"self":[{"href":"https:\/\/noma.com.pl\/en\/wp-json\/wp\/v2\/pages\/3","targetHints":{"allow":["GET"]}}],"collection":[{"href":"https:\/\/noma.com.pl\/en\/wp-json\/wp\/v2\/pages"}],"about":[{"href":"https:\/\/noma.com.pl\/en\/wp-json\/wp\/v2\/types\/page"}],"author":[{"embeddable":true,"href":"https:\/\/noma.com.pl\/en\/wp-json\/wp\/v2\/users\/123456"}],"replies":[{"embeddable":true,"href":"https:\/\/noma.com.pl\/en\/wp-json\/wp\/v2\/comments?post=3"}],"version-history":[{"count":1,"href":"https:\/\/noma.com.pl\/en\/wp-json\/wp\/v2\/pages\/3\/revisions"}],"predecessor-version":[{"id":504,"href":"https:\/\/noma.com.pl\/en\/wp-json\/wp\/v2\/pages\/3\/revisions\/504"}],"wp:attachment":[{"href":"https:\/\/noma.com.pl\/en\/wp-json\/wp\/v2\/media?parent=3"}],"curies":[{"name":"wp","href":"https:\/\/api.w.org\/{rel}","templated":true}]}}